{"id":321,"date":"2021-12-24T14:07:52","date_gmt":"2021-12-24T20:07:52","guid":{"rendered":"http:\/\/goldenrush.com\/?page_id=321"},"modified":"2021-12-24T14:07:54","modified_gmt":"2021-12-24T20:07:54","slug":"terminos-y-condiciones","status":"publish","type":"page","link":"https:\/\/goldenrush.com\/es\/terminos-y-condiciones\/","title":{"rendered":"T\u00e9rminos y Condiciones"},"content":{"rendered":"<p>T\u00e9rminos y Condiciones<\/p>\n\n\n\n<p><strong>Sistema de compras en l\u00ednea<br><\/strong>De previo a la utilizaci\u00f3n del sistema de compras en l\u00ednea, el usuario deber\u00e1 conocer y aceptar los siguientes t\u00e9rminos y condiciones, los cuales regular\u00e1n, de forma irrestricta, el uso del sistema en menci\u00f3n y\/o cualquier compra que se efect\u00fae por este medio. Por consiguiente, el uso del sistema de compras en l\u00ednea dar\u00e1 por entendido la aceptaci\u00f3n previa del usuario de las condiciones establecidas por&nbsp;Copey Vino de Altura Limitada&nbsp;para la utilizaci\u00f3n del presente sistema:<\/p>\n\n\n\n<p><strong>Condiciones Generales:<\/strong><br>El sistema de compras en l\u00ednea es propiedad de Copey Vino de Altura Limitada, quien le otorga por este medio a sus clientes mayores de dieciocho a\u00f1os, la posibilidad de utilizarlo y adquirir cualquiera de los bienes contenidos en la tienda virtual. Se aclara que cualquier diferencia de color, dise\u00f1o o nitidez del art\u00edculo que se deba a las condiciones del equipo de c\u00f3mputo del cliente, no ser\u00e1 responsabilidad de Copey Vino de Altura Limitada.<\/p>\n\n\n\n<p><strong>Sobre la titularidad y propiedad intelectual:<br><\/strong>El sistema de compras en l\u00ednea responde a un programa de c\u00f3mputo que ha sido creado por Copey Vino de Altura Limitada, de forma tal que la titularidad del mismo le corresponde a dicha compa\u00f1\u00eda. Aunado a ello, todo el contenido del programa de c\u00f3mputo, las marcas, nombres comerciales, emblemas, signos distintivos, expresiones o se\u00f1ales de publicidad comercial, im\u00e1genes, texto o videos, entre otros, son propiedad de Copey Vino de Altura Limitada; los cuales se encuentran protegidos por la Ley Sobre Derechos de Autor y Derechos Conexos, la Ley de Marcas y Otros Signos Distintivos y cualquier otra norma de car\u00e1cter nacional, o bien, por convenciones o tratados internacionales<\/p>\n\n\n\n<p><strong>Alcance:<br><\/strong>Se aclara que las compras en l\u00ednea que realice el usuario podr\u00e1n ser efectuadas desde cualquier lugar del mundo. No obstante lo anterior, cualquier art\u00edculo adquirido por este medio ser\u00e1 entregado solamente dentro del territorio de la Rep\u00fablica de Costa Rica, por medio de Copey Vino de Altura Limitada. Para ello, el cliente deber\u00e1 se\u00f1alar la direccion detallada de entrega para cordinar ya sea domicilio dentro de la GAM o fuera de GAM.<\/p>\n\n\n\n<p><strong>Notificaciones y Retiro de Mercader\u00eda:<\/strong><br>En el momento de realizar la compra, el cliente deber\u00e1 proporcionar, de acuerdo con el sistema, un m\u00e9todo (mensaje de texto o correo electr\u00f3nico) por el cu\u00e1l desea ser notificado autom\u00e1ticamente sobre el estado de la orden del pedido,&nbsp;\u00e9ste \u00faltimo contar\u00e1 con un plazo de diez (8) d\u00edas naturales plazo que iniciar\u00e1 a partir del d\u00eda siguiente de haber sido notificado.<\/p>\n\n\n\n<p><strong>De la informaci\u00f3n brindada y privacidad de la misma:<br><\/strong>De conformidad con la Ley de Protecci\u00f3n de la Persona Frente al Tratamiento de sus Datos Personales y de previo a la utilizaci\u00f3n del sistema de compras en l\u00ednea, el cliente manifiesta expresamente que conoce y acepta las siguientes condiciones sobre el almacenamiento y tratamiento que recibir\u00e1n sus datos personales, sensibles, de acceso irrestricto y de acceso restringido, los cuales se detallan a continuaci\u00f3n: a) Que existe una base de datos de car\u00e1cter personal que Copey Vino de Altura Limitada posee para el almacenamiento y tratamiento de datos personales, en virtud de los servicios de venta que presta a sus clientes, b) Que la finalidad que persigue Copey Vino de Altura Limitada con la recolecci\u00f3n de estos datos personales es conocer el perfil de los clientes, actuales o potenciales, que deseen realizar compras por medio del sistema de compras en l\u00ednea y para conocer si usted es una persona con las caracter\u00edsticas requeridas para ser y continuar siendo cliente de Copey Vino de Altura Limitada. Los datos personales podr\u00e1n ser usados por Copey Vino de Altura Limitada para efectos del tr\u00e1mite y aprobaci\u00f3n de solicitudes de compra en l\u00ednea, servicios, as\u00ed como la prospecci\u00f3n y ofrecimiento de otros productos y servicios, c) Que los destinatarios de los datos personales, as\u00ed como las personas que podr\u00e1n consultar los mismos ser\u00e1n Copey Vino de Altura Limitada, sus colaboradores (dependientes o independientes), sus asesores (dependientes o independientes), sus socios o accionistas, sus acreedores, los corresponsales de Copey Vino de Altura Limitada y las autoridades regulatorias y de supervisi\u00f3n, d) Que las respuestas a las preguntas que se formulen durante el proceso de recolecci\u00f3n de los datos tienen car\u00e1cter obligatorio, de forma tal que si Copey Vino de Altura Limitada recibe informaci\u00f3n incompleta su solicitud ser\u00e1 denegada, e) Que el tratamiento que Copey Vino de Altura Limitada dar\u00e1 a los datos personales solicitados ser\u00e1 de an\u00e1lisis para determinar la viabilidad de la solicitud de compra, as\u00ed como su posterior almacenamiento en una base de datos manual y\/o electr\u00f3nica que Copey Vino de Altura Limitada mantiene con fines exclusivamente internos, f) Que el cliente tiene el derecho de suministrar o no los datos que solicita Copey Vino de Altura Limitada. No obstante, en el caso de que se niegue a suministrar la informaci\u00f3n requerida por Copey Vino de Altura Limitada, en los t\u00e9rminos y en el momento solicitado, Copey Vino de Altura Limitada podr\u00e1 en forma unilateral, inconsulta y autom\u00e1tica, rechazar la prestaci\u00f3n de los servicios solicitados o suspender el servicio o terminar cualquier relaci\u00f3n contractual sin responsabilidad para Copey Vino de Altura Limitada, g) Que en virtud de la ley antes indicada, al cliente le asisten una serie de derechos en relaci\u00f3n con la informaci\u00f3n personal que brinde a Copey Vino de Altura Limitada como lo es el derecho de solicitar la rectificaci\u00f3n, actualizaci\u00f3n o eliminaci\u00f3n de la informaci\u00f3n brindada, siendo que la informaci\u00f3n brindada siempre ser\u00e1 de propiedad del cliente, h) Que el responsable de la base de datos ser\u00e1 el Gerente General de Copey Vino de Altura Limitada, quien se ubica en las oficinas principales de Copey Vino de Altura Limitada, i) Copey Vino de Altura Limitada con ocasi\u00f3n de y para la efectiva prestaci\u00f3n de los servicios solicitados u ofrecidos, podr\u00e1 recopilar, comprar, verificar y consultar los datos personales existentes en otras bases de datos suministradas por terceras personas, j) Copey Vino de Altura Limitada podr\u00e1 ceder, transferir e intercambiar los datos personales que obtenga y mantenga en su base de datos a lo interno de Copey Vino de Altura Limitada y con terceras personas, ubicadas fuera del \u00e1mbito interno de Copey Vino de Altura Limitada, que prestan o prestar\u00e1n servicios a Copey Vino de Altura Limitada, tales como, pero no limitadas a colaboradores, asesores, socios, acreedores, corresponsales, las autoridades regulatorias y de supervisi\u00f3n de Copey Vino de Altura Limitada, autoridades gubernamentales, centrales de riesgo, agencias de cobro y la Unidad de Inteligencia Financiera del Instituto Costarricense sobre Drogas (ICD); en el entendido que dicha informaci\u00f3n igualmente no ser\u00e1 vendida ni de cualquier otra manera comercializada, lo anterior con ocasi\u00f3n de y para la efectiva prestaci\u00f3n de los servicios solicitados u ofrecidos por Copey Vino de Altura Limitada.<\/p>\n\n\n\n<p><strong>Sobre los precios:<br><\/strong>Los precios estipulados en el sistema de compras en l\u00ednea est\u00e1n expresados en colones costarricenses y ser\u00e1n aplicables \u00fanicamente a las adquisiciones efectuadas por este medio y relacionadas con los art\u00edculos contenidos en el cat\u00e1logo de productos del mismo sistema. Por consiguiente, se aclara que los precios indicados para las compras en l\u00ednea no ser\u00e1n aplicables en la adquisici\u00f3n de art\u00edculos en los puntos de venta f\u00edsicos ubicados en el territorio de Costa Rica, adem\u00e1s ninguna promoci\u00f3n o descuento vigente en los puntos de venta f\u00edsicos ser\u00e1n aplicables a los precios contenidos en el cat\u00e1logo de precios para compras realizadas en l\u00ednea. Asimismo, todos los precios indicados ya incluyen el impuesto de ventas e incluir\u00e1n cualquier otro impuesto que las autoridades de Costa Rica determinen en el futuro.<\/p>\n\n\n\n<p><strong>Forma de pago:&nbsp;<\/strong><br>Para realizar cualquier compra por medio del sistema de compras en l\u00ednea, el usuario podr\u00e1 utilizar los siguientes medios de pago:&nbsp;a)&nbsp;Transferencia bancaria: La transferencia se debe de realizar a la cuenta que se muestra una vez realizada la compra o en el correo electr\u00f3nico de confirmaci\u00f3n. Una vez recibida la copia de la transferencia al correo electr\u00f3nico indicado y con la respectiva validaci\u00f3n se proceder\u00e1 a preparar el pedido para env\u00edo. b) Tarjetas de Cr\u00e9dito y D\u00e9bito: Tarjetas de las marcas Visa y Mastercard.&nbsp;El sistema de tarjetas de cr\u00e9dito estar\u00e1 disponible cuando Copey Vino de Altura Limitada considere necesario activarlo.<\/p>\n\n\n\n<p><strong>Reembolso de dinero o cambio del art\u00edculo por insatisfacci\u00f3n:<\/strong>&nbsp;<br>Por la naturaleza de los productos, Copey Vino de Altura Limitada no hace reembolsos de dinero. Se aclara que esto aplica tambi\u00e9n a la&nbsp;garant\u00eda de&nbsp;la&nbsp;cual goza el cliente de acuerdo con la legislaci\u00f3n costarricense y cuyos t\u00e9rminos y condiciones se establecen en el siguiente punto. En consecuencia, el derecho que otorga&nbsp;Copey Vino de Altura Limitada&nbsp;al cliente de obtener el cambio del art\u00edculo se deber\u00e1 \u00fanicamente al hecho de que el&nbsp;mismo venga con defectos de fabricaci\u00f3n.&nbsp;Para que el cliente pueda hacer uso de este derecho&nbsp;de&nbsp;cambio del art\u00edculo, deber\u00e1 cumplir con los siguientes t\u00e9rminos y condiciones. 8.1 El plazo para hacer uso de este derecho es de treinta d\u00edas (30) naturales, el cual iniciar\u00e1 a partir de la fecha de venta indicada en la factura. 8.2 El cliente deber\u00e1 devolver el art\u00edculo adquirido en su empaque original (pl\u00e1sticos, cobertores, cajas de cart\u00f3n, protectores de cualquier tipo, entre otros) y adjuntar los manuales de instrucciones y accesorios completos, todos los cuales deber\u00e1n encontrarse en condiciones de \u201cnuevo\u201d, es decir, el art\u00edculo y dem\u00e1s accesorios no deben hacer sufrido ning\u00fan menoscabo por el uso o mal trato de los mismos. 8.3 El art\u00edculo y todos sus accesorios no podr\u00e1n estar golpeados, rayados ni maltratados, bajo ninguna forma. 8.4 La \u00fanica persona que podr\u00e1 hacer uso de este derecho ser\u00e1 quien aparezca como titular de la compra. 8.5 El cliente solamente podr\u00e1 hacer uso de este derecho de cambio del art\u00edculo por&nbsp;garant\u00eda&nbsp;tres (3) veces al a\u00f1o.<\/p>\n\n\n\n<p><strong>Sobre la garant\u00eda:<\/strong><br>Cada uno de los art\u00edculos que adquiera el cliente se encuentran debidamente garantizados en relaci\u00f3n con defectos de f\u00e1brica y\/o mano de obra. El cliente deber\u00e1 hacer valer la garant\u00eda en los t\u00e9rminos y condiciones estipulados en&nbsp;estos t\u00e9rminos y condiciones, con las excepciones que cada uno estipule para cada caso en particular.<\/p>\n\n\n\n<p><strong>Disponibilidad del producto:&nbsp;<\/strong><br>El producto est\u00e1 disponible siempre que pueda agregarlo a su carrito. En caso de no encontrar un producto puede solicitarlo por medio de nuestra secci\u00f3n de contacto, sin embargo no garantizamos la existencia del mismo.<\/p>\n\n\n\n<p><strong>Consultas:&nbsp;<\/strong><br>Para cualquier consulta, comentario, duda aclaraci\u00f3n; el usuario deber\u00e1 comunicarse al correo:&nbsp;info@http:\/\/goldenrush.com\/<\/p>","protected":false},"excerpt":{"rendered":"<p>T\u00e9rminos y Condiciones Sistema de compras en l\u00edneaDe previo a la utilizaci\u00f3n del sistema de compras en l\u00ednea, el usuario deber\u00e1 conocer y aceptar los siguientes t\u00e9rminos y condiciones, los cuales regular\u00e1n, de forma irrestricta, el uso del sistema en menci\u00f3n y\/o cualquier compra que se efect\u00fae por este medio. Por consiguiente, el uso del [&hellip;]<\/p>","protected":false},"author":1,"featured_media":0,"parent":0,"menu_order":0,"comment_status":"closed","ping_status":"open","template":"","meta":{"_et_pb_use_builder":"","_et_pb_old_content":"","_et_gb_content_width":"","footnotes":""},"class_list":["post-321","page","type-page","status-publish","hentry"],"yoast_head":"<!-- This site is optimized with the Yoast SEO plugin v27.3 - https:\/\/yoast.com\/product\/yoast-seo-wordpress\/ -->\n<title>T\u00e9rminos y Condiciones - Golden Rush<\/title>\n<meta name=\"robots\" content=\"index, follow, max-snippet:-1, max-image-preview:large, max-video-preview:-1\" \/>\n<link rel=\"canonical\" href=\"https:\/\/goldenrush.com\/es\/terminos-y-condiciones\/\" \/>\n<meta property=\"og:locale\" content=\"es_ES\" \/>\n<meta property=\"og:type\" content=\"article\" \/>\n<meta property=\"og:title\" content=\"T\u00e9rminos y Condiciones - Golden Rush\" \/>\n<meta property=\"og:description\" content=\"T\u00e9rminos y Condiciones Sistema de compras en l\u00edneaDe previo a la utilizaci\u00f3n del sistema de compras en l\u00ednea, el usuario deber\u00e1 conocer y aceptar los siguientes t\u00e9rminos y condiciones, los cuales regular\u00e1n, de forma irrestricta, el uso del sistema en menci\u00f3n y\/o cualquier compra que se efect\u00fae por este medio. Por consiguiente, el uso del [&hellip;]\" \/>\n<meta property=\"og:url\" content=\"https:\/\/goldenrush.com\/es\/terminos-y-condiciones\/\" \/>\n<meta property=\"og:site_name\" content=\"Golden Rush\" \/>\n<meta property=\"article:publisher\" content=\"https:\/\/www.facebook.com\/goldenrushliqueur\" \/>\n<meta property=\"article:modified_time\" content=\"2021-12-24T20:07:54+00:00\" \/>\n<meta name=\"twitter:card\" content=\"summary_large_image\" \/>\n<meta name=\"twitter:label1\" content=\"Est. reading time\" \/>\n\t<meta name=\"twitter:data1\" content=\"9 minutos\" \/>\n<script type=\"application\/ld+json\" class=\"yoast-schema-graph\">{\"@context\":\"https:\\\/\\\/schema.org\",\"@graph\":[{\"@type\":\"WebPage\",\"@id\":\"https:\\\/\\\/goldenrush.com\\\/terminos-y-condiciones\\\/\",\"url\":\"https:\\\/\\\/goldenrush.com\\\/terminos-y-condiciones\\\/\",\"name\":\"T\u00e9rminos y Condiciones - Golden Rush\",\"isPartOf\":{\"@id\":\"https:\\\/\\\/goldenrush.com\\\/#website\"},\"datePublished\":\"2021-12-24T20:07:52+00:00\",\"dateModified\":\"2021-12-24T20:07:54+00:00\",\"breadcrumb\":{\"@id\":\"https:\\\/\\\/goldenrush.com\\\/terminos-y-condiciones\\\/#breadcrumb\"},\"inLanguage\":\"es-CR\",\"potentialAction\":[{\"@type\":\"ReadAction\",\"target\":[\"https:\\\/\\\/goldenrush.com\\\/terminos-y-condiciones\\\/\"]}]},{\"@type\":\"BreadcrumbList\",\"@id\":\"https:\\\/\\\/goldenrush.com\\\/terminos-y-condiciones\\\/#breadcrumb\",\"itemListElement\":[{\"@type\":\"ListItem\",\"position\":1,\"name\":\"Home\",\"item\":\"https:\\\/\\\/goldenrush.com\\\/\"},{\"@type\":\"ListItem\",\"position\":2,\"name\":\"T\u00e9rminos y Condiciones\"}]},{\"@type\":\"WebSite\",\"@id\":\"https:\\\/\\\/goldenrush.com\\\/#website\",\"url\":\"https:\\\/\\\/goldenrush.com\\\/\",\"name\":\"Golden Rush\",\"description\":\"The Spirit of Costa Rica\",\"publisher\":{\"@id\":\"https:\\\/\\\/goldenrush.com\\\/#organization\"},\"potentialAction\":[{\"@type\":\"SearchAction\",\"target\":{\"@type\":\"EntryPoint\",\"urlTemplate\":\"https:\\\/\\\/goldenrush.com\\\/?s={search_term_string}\"},\"query-input\":{\"@type\":\"PropertyValueSpecification\",\"valueRequired\":true,\"valueName\":\"search_term_string\"}}],\"inLanguage\":\"es-CR\"},{\"@type\":\"Organization\",\"@id\":\"https:\\\/\\\/goldenrush.com\\\/#organization\",\"name\":\"Golden Rush\",\"url\":\"https:\\\/\\\/goldenrush.com\\\/\",\"logo\":{\"@type\":\"ImageObject\",\"inLanguage\":\"es-CR\",\"@id\":\"https:\\\/\\\/goldenrush.com\\\/#\\\/schema\\\/logo\\\/image\\\/\",\"url\":\"https:\\\/\\\/goldenrush.com\\\/wp-content\\\/uploads\\\/2021\\\/09\\\/cropped-golden-rush-logo.png\",\"contentUrl\":\"https:\\\/\\\/goldenrush.com\\\/wp-content\\\/uploads\\\/2021\\\/09\\\/cropped-golden-rush-logo.png\",\"width\":512,\"height\":512,\"caption\":\"Golden Rush\"},\"image\":{\"@id\":\"https:\\\/\\\/goldenrush.com\\\/#\\\/schema\\\/logo\\\/image\\\/\"},\"sameAs\":[\"https:\\\/\\\/www.facebook.com\\\/goldenrushliqueur\",\"https:\\\/\\\/www.instagram.com\\\/goldenrushcr\"]}]}<\/script>\n<!-- \/ Yoast SEO plugin. -->","yoast_head_json":{"title":"T\u00e9rminos y Condiciones - Golden Rush","robots":{"index":"index","follow":"follow","max-snippet":"max-snippet:-1","max-image-preview":"max-image-preview:large","max-video-preview":"max-video-preview:-1"},"canonical":"https:\/\/goldenrush.com\/es\/terminos-y-condiciones\/","og_locale":"es_ES","og_type":"article","og_title":"T\u00e9rminos y Condiciones - Golden Rush","og_description":"T\u00e9rminos y Condiciones Sistema de compras en l\u00edneaDe previo a la utilizaci\u00f3n del sistema de compras en l\u00ednea, el usuario deber\u00e1 conocer y aceptar los siguientes t\u00e9rminos y condiciones, los cuales regular\u00e1n, de forma irrestricta, el uso del sistema en menci\u00f3n y\/o cualquier compra que se efect\u00fae por este medio. Por consiguiente, el uso del [&hellip;]","og_url":"https:\/\/goldenrush.com\/es\/terminos-y-condiciones\/","og_site_name":"Golden Rush","article_publisher":"https:\/\/www.facebook.com\/goldenrushliqueur","article_modified_time":"2021-12-24T20:07:54+00:00","twitter_card":"summary_large_image","twitter_misc":{"Est. reading time":"9 minutos"},"schema":{"@context":"https:\/\/schema.org","@graph":[{"@type":"WebPage","@id":"https:\/\/goldenrush.com\/terminos-y-condiciones\/","url":"https:\/\/goldenrush.com\/terminos-y-condiciones\/","name":"T\u00e9rminos y Condiciones - Golden Rush","isPartOf":{"@id":"https:\/\/goldenrush.com\/#website"},"datePublished":"2021-12-24T20:07:52+00:00","dateModified":"2021-12-24T20:07:54+00:00","breadcrumb":{"@id":"https:\/\/goldenrush.com\/terminos-y-condiciones\/#breadcrumb"},"inLanguage":"es-CR","potentialAction":[{"@type":"ReadAction","target":["https:\/\/goldenrush.com\/terminos-y-condiciones\/"]}]},{"@type":"BreadcrumbList","@id":"https:\/\/goldenrush.com\/terminos-y-condiciones\/#breadcrumb","itemListElement":[{"@type":"ListItem","position":1,"name":"Home","item":"https:\/\/goldenrush.com\/"},{"@type":"ListItem","position":2,"name":"T\u00e9rminos y Condiciones"}]},{"@type":"WebSite","@id":"https:\/\/goldenrush.com\/#website","url":"https:\/\/goldenrush.com\/","name":"Golden Rush","description":"The Spirit of Costa Rica","publisher":{"@id":"https:\/\/goldenrush.com\/#organization"},"potentialAction":[{"@type":"SearchAction","target":{"@type":"EntryPoint","urlTemplate":"https:\/\/goldenrush.com\/?s={search_term_string}"},"query-input":{"@type":"PropertyValueSpecification","valueRequired":true,"valueName":"search_term_string"}}],"inLanguage":"es-CR"},{"@type":"Organization","@id":"https:\/\/goldenrush.com\/#organization","name":"Golden Rush","url":"https:\/\/goldenrush.com\/","logo":{"@type":"ImageObject","inLanguage":"es-CR","@id":"https:\/\/goldenrush.com\/#\/schema\/logo\/image\/","url":"https:\/\/goldenrush.com\/wp-content\/uploads\/2021\/09\/cropped-golden-rush-logo.png","contentUrl":"https:\/\/goldenrush.com\/wp-content\/uploads\/2021\/09\/cropped-golden-rush-logo.png","width":512,"height":512,"caption":"Golden Rush"},"image":{"@id":"https:\/\/goldenrush.com\/#\/schema\/logo\/image\/"},"sameAs":["https:\/\/www.facebook.com\/goldenrushliqueur","https:\/\/www.instagram.com\/goldenrushcr"]}]}},"_links":{"self":[{"href":"https:\/\/goldenrush.com\/es\/wp-json\/wp\/v2\/pages\/321","targetHints":{"allow":["GET"]}}],"collection":[{"href":"https:\/\/goldenrush.com\/es\/wp-json\/wp\/v2\/pages"}],"about":[{"href":"https:\/\/goldenrush.com\/es\/wp-json\/wp\/v2\/types\/page"}],"author":[{"embeddable":true,"href":"https:\/\/goldenrush.com\/es\/wp-json\/wp\/v2\/users\/1"}],"replies":[{"embeddable":true,"href":"https:\/\/goldenrush.com\/es\/wp-json\/wp\/v2\/comments?post=321"}],"version-history":[{"count":1,"href":"https:\/\/goldenrush.com\/es\/wp-json\/wp\/v2\/pages\/321\/revisions"}],"predecessor-version":[{"id":322,"href":"https:\/\/goldenrush.com\/es\/wp-json\/wp\/v2\/pages\/321\/revisions\/322"}],"wp:attachment":[{"href":"https:\/\/goldenrush.com\/es\/wp-json\/wp\/v2\/media?parent=321"}],"curies":[{"name":"wp","href":"https:\/\/api.w.org\/{rel}","templated":true}]}}