{"id":3,"date":"2021-09-21T01:45:31","date_gmt":"2021-09-21T01:45:31","guid":{"rendered":"http:\/\/goldenrush.com\/?page_id=3"},"modified":"2022-01-04T18:06:35","modified_gmt":"2022-01-05T00:06:35","slug":"privacy-policy","status":"publish","type":"page","link":"https:\/\/goldenrush.com\/es\/privacy-policy\/","title":{"rendered":"Pol\u00edticas de Privacidad"},"content":{"rendered":"<p>Esta pol\u00edtica de privacidad ha sido compilada para servir mejor a aquellos que est\u00e1n preocupados por c\u00f3mo se usa en l\u00ednea su \u201cInformaci\u00f3n de identificaci\u00f3n personal\u201d como se describe en la ley de privacidad y seguridad de la informaci\u00f3n.<br>Es informaci\u00f3n que se puede usar por s\u00ed misma o con otra informaci\u00f3n para identificar, contactar o localizar a una sola persona o para identificar a una persona en su contexto. Lea detenidamente nuestra pol\u00edtica de privacidad para obtener una comprensi\u00f3n clara de c\u00f3mo recopilamos, usamos, protegemos o manejamos su Informaci\u00f3n de identificaci\u00f3n personal de acuerdo con nuestro sitio web.<br>\u00bfQu\u00e9 informaci\u00f3n personal recopilamos de las personas que visitan nuestro sitio web?<br>Al realizar un pedido o registrarse en nuestro sitio, seg\u00fan corresponda, se le puede solicitar que ingrese su nombre, direcci\u00f3n de correo electr\u00f3nico u otros detalles para ayudarlo con su experiencia.<\/p>\n\n\n\n<p><strong>\u00bfCu\u00e1ndo recopilamos informaci\u00f3n?<br><\/strong>Recopilamos informaci\u00f3n de usted cuando se registra en nuestro sitio, se suscribe a un bolet\u00edn informativo o ingresa informaci\u00f3n en nuestro sitio.<\/p>\n\n\n\n<p><strong>\u00bfC\u00f3mo usamos su informaci\u00f3n?<br><\/strong>Podemos utilizar la informaci\u00f3n que recopilamos de usted cuando se registra, hace una compra, se registra en nuestro bolet\u00edn informativo, responde a una encuesta o comunicaci\u00f3n de marketing, navega por el sitio web o utiliza otras caracter\u00edsticas del sitio de las siguientes maneras:<br>\u2022 Para personalizar su experiencia y permitirnos ofrecer el tipo de contenido y ofertas de productos que m\u00e1s le interesan.<br>\u2022 Para mejorar nuestro sitio web con el fin de brindarle un mejor servicio.<br>\u2022 Para enviar correos electr\u00f3nicos peri\u00f3dicos con respecto a su pedido u otros productos y servicios.<\/p>\n\n\n\n<p><strong>\u00bfC\u00f3mo protegemos tu informaci\u00f3n?<br><\/strong>No utilizamos el an\u00e1lisis y \/ o escaneo de vulnerabilidades a est\u00e1ndares PCI.<br>Solo proporcionamos art\u00edculos e informaci\u00f3n.<br>Usamos escaneo Malware regular.<br>Su informaci\u00f3n personal est\u00e1 contenida detr\u00e1s de redes seguras y solo es accesible para un n\u00famero limitado de personas que tienen derechos especiales de acceso a dichos sistemas, y se les exige que mantengan la confidencialidad de la informaci\u00f3n. Adem\u00e1s, toda la informaci\u00f3n sensible \/ crediticia que usted suministra est\u00e1 encriptada a trav\u00e9s de la tecnolog\u00eda Secure Socket Layer (SSL).<br>Implementamos una variedad de medidas de seguridad cuando un usuario ingresa, env\u00eda o accede a su informaci\u00f3n para mantener la seguridad de su informaci\u00f3n personal.\nTodas las transacciones se procesan a trav\u00e9s de la puerta de enlace del proovedor y no se almacenan ni procesan en nuestros servidores.<br>All transactions are processed through the provider&#8217;s gateway and are not stored or processed on our servers.<br><\/p>\n\n\n\n<p><strong>\u00bfUsamos \"cookies\"?<\/strong><br>S\u00ed. Las cookies son peque\u00f1os archivos que un sitio o su proveedor de servicios transfiere al disco duro de su computadora a trav\u00e9s de su navegador web (si lo permite) que permite que los sistemas del sitio o del proveedor de servicios reconozcan su navegador y capturen y recuerden cierta informaci\u00f3n. Por ejemplo, usamos cookies para ayudarnos a recordar y procesar los art\u00edculos en su carrito de compras. Tambi\u00e9n se utilizan para ayudarnos a comprender sus preferencias en funci\u00f3n de la actividad del sitio anterior o actual, lo que nos permite brindarle mejores servicios. Tambi\u00e9n utilizamos cookies para ayudarnos a recopilar datos agregados sobre el tr\u00e1fico del sitio y la interacci\u00f3n del sitio para que podamos ofrecer mejores experiencias y herramientas del sitio en el futuro.<br>Usamos cookies para:<br>\u2022 Mantenga un registro de los anuncios.<br>\u2022 Compilar datos agregados sobre el tr\u00e1fico del sitio y las interacciones del sitio con el fin de ofrecer mejores experiencias y herramientas del sitio en el futuro. Tambi\u00e9n podemos usar servicios confiables de terceros que rastrean esta informaci\u00f3n en nuestro nombre.<br>Puede optar por que su computadora lo advierta cada vez que se env\u00eda una cookie, o puede optar por desactivar todas las cookies. Lo haces a trav\u00e9s de la configuraci\u00f3n de tu navegador. Como el navegador es un poco diferente, consulte el Men\u00fa de Ayuda de su navegador para conocer la forma correcta de modificar sus cookies.<br>Si desactiva las cookies, algunas funciones se desactivar\u00e1n. No afectar\u00e1 la experiencia del usuario que hace que la experiencia de su sitio sea m\u00e1s eficiente y puede que no funcione correctamente.<br>Sin embargo, a\u00fan podr\u00e1 hacer pedidos.<br><\/p>\n\n\n\n<p><strong>Revelaci\u00f3n de terceros<br><\/strong>No vendemos, comercializamos ni transferimos a terceros su informaci\u00f3n de identificaci\u00f3n personal a menos que proporcionemos a los usuarios un aviso previo. Esto no incluye a los socios de hospedaje del sitio web y otras partes que nos ayudan a operar nuestro sitio web, dirigir nuestro negocio o servir a nuestros usuarios, siempre y cuando esas partes acuerden mantener esta informaci\u00f3n confidencial. Tambi\u00e9n podemos divulgar informaci\u00f3n cuando su divulgaci\u00f3n sea apropiada para cumplir con la ley, hacer cumplir las pol\u00edticas de nuestro sitio o proteger nuestros derechos, propiedad o seguridad.<br>Sin embargo, la informaci\u00f3n de identificaci\u00f3n no personal se puede proporcionar a otras partes para mercadeo, publicidad u otros usos.<\/p>\n\n\n\n<p><strong>Enlaces de terceros<br><\/strong>Ocasionalmente, a nuestro criterio, podemos incluir u ofrecer productos o servicios de terceros en nuestro sitio web. Estos sitios de terceros tienen pol\u00edticas de privacidad separadas e independientes. Por lo tanto, no tenemos ninguna responsabilidad por el contenido y las actividades de estos sitios vinculados. No obstante, buscamos proteger la integridad de nuestro sitio y agradecemos cualquier comentario sobre estos sitios.<\/p>","protected":false},"excerpt":{"rendered":"<p>This privacy policy has been compiled to better serve those who are concerned about how their &#8220;Personally Identifiable Information&#8221; is used online as described in the privacy and information security law.It is information that can be used by itself or with other information to identify, contact or locate a single person or to identify a [&hellip;]<\/p>","protected":false},"author":1,"featured_media":0,"parent":0,"menu_order":0,"comment_status":"closed","ping_status":"open","template":"","meta":{"_et_pb_use_builder":"","_et_pb_old_content":"","_et_gb_content_width":"1080","footnotes":""},"class_list":["post-3","page","type-page","status-publish","hentry"],"yoast_head":"<!-- This site is optimized with the Yoast SEO plugin v27.3 - https:\/\/yoast.com\/product\/yoast-seo-wordpress\/ -->\n<title>Privacy Policy - Golden Rush<\/title>\n<meta name=\"robots\" content=\"index, follow, max-snippet:-1, max-image-preview:large, max-video-preview:-1\" \/>\n<link rel=\"canonical\" href=\"https:\/\/goldenrush.com\/es\/privacy-policy\/\" \/>\n<meta property=\"og:locale\" content=\"es_ES\" \/>\n<meta property=\"og:type\" content=\"article\" \/>\n<meta property=\"og:title\" content=\"Privacy Policy - Golden Rush\" \/>\n<meta property=\"og:description\" content=\"This privacy policy has been compiled to better serve those who are concerned about how their &#8220;Personally Identifiable Information&#8221; is used online as described in the privacy and information security law.It is information that can be used by itself or with other information to identify, contact or locate a single person or to identify a [&hellip;]\" \/>\n<meta property=\"og:url\" content=\"https:\/\/goldenrush.com\/es\/privacy-policy\/\" \/>\n<meta property=\"og:site_name\" content=\"Golden Rush\" \/>\n<meta property=\"article:publisher\" content=\"https:\/\/www.facebook.com\/goldenrushliqueur\" \/>\n<meta property=\"article:modified_time\" content=\"2022-01-05T00:06:35+00:00\" \/>\n<meta name=\"twitter:card\" content=\"summary_large_image\" \/>\n<meta name=\"twitter:label1\" content=\"Est. reading time\" \/>\n\t<meta name=\"twitter:data1\" content=\"4 minutos\" \/>\n<script type=\"application\/ld+json\" class=\"yoast-schema-graph\">{\"@context\":\"https:\\\/\\\/schema.org\",\"@graph\":[{\"@type\":\"WebPage\",\"@id\":\"https:\\\/\\\/goldenrush.com\\\/privacy-policy\\\/\",\"url\":\"https:\\\/\\\/goldenrush.com\\\/privacy-policy\\\/\",\"name\":\"Privacy Policy - Golden Rush\",\"isPartOf\":{\"@id\":\"https:\\\/\\\/goldenrush.com\\\/#website\"},\"datePublished\":\"2021-09-21T01:45:31+00:00\",\"dateModified\":\"2022-01-05T00:06:35+00:00\",\"breadcrumb\":{\"@id\":\"https:\\\/\\\/goldenrush.com\\\/privacy-policy\\\/#breadcrumb\"},\"inLanguage\":\"es-CR\",\"potentialAction\":[{\"@type\":\"ReadAction\",\"target\":[\"https:\\\/\\\/goldenrush.com\\\/privacy-policy\\\/\"]}]},{\"@type\":\"BreadcrumbList\",\"@id\":\"https:\\\/\\\/goldenrush.com\\\/privacy-policy\\\/#breadcrumb\",\"itemListElement\":[{\"@type\":\"ListItem\",\"position\":1,\"name\":\"Home\",\"item\":\"https:\\\/\\\/goldenrush.com\\\/\"},{\"@type\":\"ListItem\",\"position\":2,\"name\":\"Privacy Policy\"}]},{\"@type\":\"WebSite\",\"@id\":\"https:\\\/\\\/goldenrush.com\\\/#website\",\"url\":\"https:\\\/\\\/goldenrush.com\\\/\",\"name\":\"Golden Rush\",\"description\":\"The Spirit of Costa Rica\",\"publisher\":{\"@id\":\"https:\\\/\\\/goldenrush.com\\\/#organization\"},\"potentialAction\":[{\"@type\":\"SearchAction\",\"target\":{\"@type\":\"EntryPoint\",\"urlTemplate\":\"https:\\\/\\\/goldenrush.com\\\/?s={search_term_string}\"},\"query-input\":{\"@type\":\"PropertyValueSpecification\",\"valueRequired\":true,\"valueName\":\"search_term_string\"}}],\"inLanguage\":\"es-CR\"},{\"@type\":\"Organization\",\"@id\":\"https:\\\/\\\/goldenrush.com\\\/#organization\",\"name\":\"Golden Rush\",\"url\":\"https:\\\/\\\/goldenrush.com\\\/\",\"logo\":{\"@type\":\"ImageObject\",\"inLanguage\":\"es-CR\",\"@id\":\"https:\\\/\\\/goldenrush.com\\\/#\\\/schema\\\/logo\\\/image\\\/\",\"url\":\"https:\\\/\\\/goldenrush.com\\\/wp-content\\\/uploads\\\/2021\\\/09\\\/cropped-golden-rush-logo.png\",\"contentUrl\":\"https:\\\/\\\/goldenrush.com\\\/wp-content\\\/uploads\\\/2021\\\/09\\\/cropped-golden-rush-logo.png\",\"width\":512,\"height\":512,\"caption\":\"Golden Rush\"},\"image\":{\"@id\":\"https:\\\/\\\/goldenrush.com\\\/#\\\/schema\\\/logo\\\/image\\\/\"},\"sameAs\":[\"https:\\\/\\\/www.facebook.com\\\/goldenrushliqueur\",\"https:\\\/\\\/www.instagram.com\\\/goldenrushcr\"]}]}<\/script>\n<!-- \/ Yoast SEO plugin. -->","yoast_head_json":{"title":"Privacy Policy - Golden Rush","robots":{"index":"index","follow":"follow","max-snippet":"max-snippet:-1","max-image-preview":"max-image-preview:large","max-video-preview":"max-video-preview:-1"},"canonical":"https:\/\/goldenrush.com\/es\/privacy-policy\/","og_locale":"es_ES","og_type":"article","og_title":"Privacy Policy - Golden Rush","og_description":"This privacy policy has been compiled to better serve those who are concerned about how their &#8220;Personally Identifiable Information&#8221; is used online as described in the privacy and information security law.It is information that can be used by itself or with other information to identify, contact or locate a single person or to identify a [&hellip;]","og_url":"https:\/\/goldenrush.com\/es\/privacy-policy\/","og_site_name":"Golden Rush","article_publisher":"https:\/\/www.facebook.com\/goldenrushliqueur","article_modified_time":"2022-01-05T00:06:35+00:00","twitter_card":"summary_large_image","twitter_misc":{"Est. reading time":"4 minutos"},"schema":{"@context":"https:\/\/schema.org","@graph":[{"@type":"WebPage","@id":"https:\/\/goldenrush.com\/privacy-policy\/","url":"https:\/\/goldenrush.com\/privacy-policy\/","name":"Privacy Policy - Golden Rush","isPartOf":{"@id":"https:\/\/goldenrush.com\/#website"},"datePublished":"2021-09-21T01:45:31+00:00","dateModified":"2022-01-05T00:06:35+00:00","breadcrumb":{"@id":"https:\/\/goldenrush.com\/privacy-policy\/#breadcrumb"},"inLanguage":"es-CR","potentialAction":[{"@type":"ReadAction","target":["https:\/\/goldenrush.com\/privacy-policy\/"]}]},{"@type":"BreadcrumbList","@id":"https:\/\/goldenrush.com\/privacy-policy\/#breadcrumb","itemListElement":[{"@type":"ListItem","position":1,"name":"Home","item":"https:\/\/goldenrush.com\/"},{"@type":"ListItem","position":2,"name":"Privacy Policy"}]},{"@type":"WebSite","@id":"https:\/\/goldenrush.com\/#website","url":"https:\/\/goldenrush.com\/","name":"Golden Rush","description":"The Spirit of Costa Rica","publisher":{"@id":"https:\/\/goldenrush.com\/#organization"},"potentialAction":[{"@type":"SearchAction","target":{"@type":"EntryPoint","urlTemplate":"https:\/\/goldenrush.com\/?s={search_term_string}"},"query-input":{"@type":"PropertyValueSpecification","valueRequired":true,"valueName":"search_term_string"}}],"inLanguage":"es-CR"},{"@type":"Organization","@id":"https:\/\/goldenrush.com\/#organization","name":"Golden Rush","url":"https:\/\/goldenrush.com\/","logo":{"@type":"ImageObject","inLanguage":"es-CR","@id":"https:\/\/goldenrush.com\/#\/schema\/logo\/image\/","url":"https:\/\/goldenrush.com\/wp-content\/uploads\/2021\/09\/cropped-golden-rush-logo.png","contentUrl":"https:\/\/goldenrush.com\/wp-content\/uploads\/2021\/09\/cropped-golden-rush-logo.png","width":512,"height":512,"caption":"Golden Rush"},"image":{"@id":"https:\/\/goldenrush.com\/#\/schema\/logo\/image\/"},"sameAs":["https:\/\/www.facebook.com\/goldenrushliqueur","https:\/\/www.instagram.com\/goldenrushcr"]}]}},"_links":{"self":[{"href":"https:\/\/goldenrush.com\/es\/wp-json\/wp\/v2\/pages\/3","targetHints":{"allow":["GET"]}}],"collection":[{"href":"https:\/\/goldenrush.com\/es\/wp-json\/wp\/v2\/pages"}],"about":[{"href":"https:\/\/goldenrush.com\/es\/wp-json\/wp\/v2\/types\/page"}],"author":[{"embeddable":true,"href":"https:\/\/goldenrush.com\/es\/wp-json\/wp\/v2\/users\/1"}],"replies":[{"embeddable":true,"href":"https:\/\/goldenrush.com\/es\/wp-json\/wp\/v2\/comments?post=3"}],"version-history":[{"count":1,"href":"https:\/\/goldenrush.com\/es\/wp-json\/wp\/v2\/pages\/3\/revisions"}],"predecessor-version":[{"id":312,"href":"https:\/\/goldenrush.com\/es\/wp-json\/wp\/v2\/pages\/3\/revisions\/312"}],"wp:attachment":[{"href":"https:\/\/goldenrush.com\/es\/wp-json\/wp\/v2\/media?parent=3"}],"curies":[{"name":"wp","href":"https:\/\/api.w.org\/{rel}","templated":true}]}}